{"id":8503,"date":"2018-04-03T13:31:56","date_gmt":"2018-04-03T11:31:56","guid":{"rendered":"http:\/\/zbudniewek.pl\/blog\/?page_id=8503"},"modified":"2019-06-28T14:25:17","modified_gmt":"2019-06-28T12:25:17","slug":"8503-2","status":"publish","type":"page","link":"http:\/\/zbudniewek.pl\/blog\/8503-2\/","title":{"rendered":"Pracownia"},"content":{"rendered":"<p><strong>Pracownia Fotograficzna<br \/>\n<img decoding=\"async\" loading=\"lazy\" class=\"aligncenter size-large wp-image-8811\" src=\"http:\/\/zbudniewek.pl\/blog\/wp-content\/uploads\/2018\/04\/DSC_8311-1200x843.jpg\" alt=\"\" width=\"525\" height=\"369\"><\/strong><\/p>\n<div class=\"_39k5 _5s6c\">\n<div>\n<div class=\"_2cuy _3dgx _2vxa\">&nbsp;&nbsp;&nbsp;&nbsp; \u201cFotografia\u201d &#8211; dla mnie osobi\u015bcie to hobby lub u\u017cywaj\u0105c g\u00f3rnolotnych s\u0142\u00f3w \u201cpasja\u201d. Wybieraj\u0105c kierunek studi\u00f3w, nie przypuszcza\u0142em, \u017ce moje zami\u0142owanie do fotografii b\u0119dzie tak wielkie i zmieni moje \u017cycie. Po dziewi\u0119ciu latach pracy w zawodzie fotografa, narodzi\u0142 si\u0119 pomys\u0142, kt\u00f3ry gdzie\u015b w g\u0142\u0119bi dojrzewa\u0142 &#8211; za\u0142o\u017cy\u0107 w\u0142asn\u0105 pracowni\u0119. Miejsce wymy\u015blone od podstaw przeze mnie, a realizowane przy nieocenionej pomocy rodziny i przyjaci\u00f3\u0142, m.in mojej \u017cony Kasi i przyjaciela Wiktora (dzi\u0119ki Mati). Kto\u015b zapewne powie, \u017ce to skok na g\u0142\u0119bok\u0105 wod\u0119, my\u015bl\u0119 &#8211; Tak! Je\u015bli nie teraz to kiedy, dlaczego nie wykorzysta\u0107 posiadanej wiedzy i umiej\u0119tno\u015bci, by stworzy\u0107 produkt i oferowa\u0107 go innym.<br \/>\nSerdecznie zapraszam do odwiedzin.<br \/>\n<em><span class=\"_4yxp\">Piotr Zbudniewek<\/span><\/em><\/div>\n<div><\/div>\n<div class=\"_2cuy _3dgx _2vxa\"><strong> \u015awiadczone us\u0142ugi:<\/strong><\/div>\n<div><\/div>\n<ul class=\"_5a_q _5yj1\" dir=\"ltr\">\n<li class=\"_2cuy _509q _2vxa\">zdj\u0119cia do wszystkich dokument\u00f3w (<span class=\"_4yxo\">dowod\u00f3w<\/span>, praw jazdy, paszport\u00f3w, legitymacji, dyplom\u00f3w, wiz, karta pobytu) jak r\u00f3wnie\u017c zdj\u0119cia portretowe i biznesowe;<\/li>\n<li class=\"_2cuy _509q _2vxa\">odbitki z aparat\u00f3w cyfrowych (kart pami\u0119ci, p\u0142yt CD\/DVD oraz telefon\u00f3w) od wielko\u015bci<strong><span class=\"_4yxo\"> 9&#215;13<\/span><\/strong> do <span class=\"_4yxo\"><strong>60&#215;100<\/strong>cm, <\/span>kt\u00f3re mo\u017cna bardzo \u0142atwo przes\u0142a\u0107 lub wybra\u0107 na jednym z dw\u00f3ch fotokiosk\u00f3w, zdj\u0119cia wykonywane na maszynach Frontier i Epson;<\/li>\n<li class=\"_2cuy _509q _2vxa\">przegrywanie kaset <strong><span class=\"_4yxo\">VHS<\/span><\/strong> na p\u0142yt\u0119 DVD;<\/li>\n<li class=\"_2cuy _509q _2vxa\">zdj\u0119cia na porcelanie;<\/li>\n<li class=\"_2cuy _509q _2vxa\">ramki, antyramy i albumy fotograficzne;<\/li>\n<li class=\"_2cuy _509q _2vxa\">nadruk na p\u0142ytach DVD;<\/li>\n<li class=\"_2cuy _509q _2vxa\"><a href=\"http:\/\/zbudniewek.pl\/blog\/oferta\/\" target=\"_blank\" rel=\"noopener noreferrer\">fotografia reporta\u017cowa<\/a> (\u015bluby, wesela, komunie, chrzciny, itp.)<\/li>\n<\/ul>\n<div class=\"_2cuy _3dgx _2vxa\"><strong>Godziny pracy:<\/strong><br \/>\nPon-Pi\u0105tek <strong><span class=\"_4yxo\">9.45-18.00<\/span><\/strong><br \/>\nSobota <strong><span class=\"_4yxo\">9.45-13.00<\/span><\/strong><\/div>\n<div><\/div>\n<div class=\"_2cuy _3dgx _2vxa\">ul. Norwida 2<\/div>\n<div class=\"_2cuy _3dgx _2vxa\">96-100 Skierniewice<\/div>\n<div class=\"_2cuy _3dgx _2vxa\"><\/div>\n<div class=\"_2cuy _3dgx _2vxa\"><span class=\"_4yxp\">tel 46-895-51-21<\/span><\/div>\n<div class=\"_2cuy _3dgx _2vxa\"><span class=\"_4yxp\">&nbsp;&nbsp;&nbsp;&nbsp;&nbsp;&nbsp; 692-985-611<\/span><\/div>\n<div class=\"_2cuy _3dgx _2vxa\"><span class=\"_4yxp\">pracownia@zbudniewek.pl<\/span><\/div>\n<div><\/div>\n<div class=\"_2cuy _3dgx _2vxa\">NIP 836-169-90-66<\/div>\n<div><\/div>\n<div class=\"_2cuy _3dgx _2vxa\"><span class=\"_4yxp\"> Serdecznie zapraszamy<\/span><\/div>\n<div class=\"_2cuy _3dgx _2vxa\">Wystawiamy FV i akceptujemy p\u0142atno\u015b\u0107 bezgot\u00f3wkow\u0105 kart\u0105 lub BLIKiem<\/div>\n<\/div>\n<\/div>\n","protected":false},"excerpt":{"rendered":"<p>Pracownia Fotograficzna &nbsp;&nbsp;&nbsp;&nbsp; \u201cFotografia\u201d &#8211; dla mnie osobi\u015bcie to hobby lub u\u017cywaj\u0105c g\u00f3rnolotnych s\u0142\u00f3w \u201cpasja\u201d. Wybieraj\u0105c kierunek studi\u00f3w, nie przypuszcza\u0142em, \u017ce moje zami\u0142owanie do fotografii b\u0119dzie tak wielkie i zmieni moje \u017cycie. Po dziewi\u0119ciu latach pracy w zawodzie fotografa, narodzi\u0142 si\u0119 pomys\u0142, kt\u00f3ry gdzie\u015b w g\u0142\u0119bi dojrzewa\u0142 &#8211; za\u0142o\u017cy\u0107 w\u0142asn\u0105 pracowni\u0119. Miejsce wymy\u015blone od podstaw &hellip; <\/p>\n<p class=\"link-more\"><a href=\"http:\/\/zbudniewek.pl\/blog\/8503-2\/\" class=\"more-link\">Czytaj dalej<span class=\"screen-reader-text\"> Pracownia<\/span><\/a><\/p>\n","protected":false},"author":1,"featured_media":0,"parent":0,"menu_order":0,"comment_status":"closed","ping_status":"closed","template":"","meta":[],"_links":{"self":[{"href":"http:\/\/zbudniewek.pl\/blog\/wp-json\/wp\/v2\/pages\/8503"}],"collection":[{"href":"http:\/\/zbudniewek.pl\/blog\/wp-json\/wp\/v2\/pages"}],"about":[{"href":"http:\/\/zbudniewek.pl\/blog\/wp-json\/wp\/v2\/types\/page"}],"author":[{"embeddable":true,"href":"http:\/\/zbudniewek.pl\/blog\/wp-json\/wp\/v2\/users\/1"}],"replies":[{"embeddable":true,"href":"http:\/\/zbudniewek.pl\/blog\/wp-json\/wp\/v2\/comments?post=8503"}],"version-history":[{"count":16,"href":"http:\/\/zbudniewek.pl\/blog\/wp-json\/wp\/v2\/pages\/8503\/revisions"}],"predecessor-version":[{"id":25297,"href":"http:\/\/zbudniewek.pl\/blog\/wp-json\/wp\/v2\/pages\/8503\/revisions\/25297"}],"wp:attachment":[{"href":"http:\/\/zbudniewek.pl\/blog\/wp-json\/wp\/v2\/media?parent=8503"}],"curies":[{"name":"wp","href":"https:\/\/api.w.org\/{rel}","templated":true}]}}